{"id":988230,"date":"2024-03-24T00:23:46","date_gmt":"2024-03-23T23:23:46","guid":{"rendered":"https:\/\/kinderinsel-homburg.de\/?page_id=988230"},"modified":"2025-01-22T09:55:01","modified_gmt":"2025-01-22T08:55:01","slug":"impressum","status":"publish","type":"page","link":"https:\/\/kinderinsel-homburg.de\/de\/impressum\/","title":{"rendered":"Impressum"},"content":{"rendered":"<div data-elementor-type=\"wp-page\" data-elementor-id=\"988230\" class=\"elementor elementor-988230\" data-elementor-post-type=\"page\">\n\t\t\t\t\t\t<section class=\"elementor-section elementor-top-section elementor-element elementor-element-fc6598d elementor-section-boxed elementor-section-height-default elementor-section-height-default\" data-id=\"fc6598d\" data-element_type=\"section\" data-e-type=\"section\">\n\t\t\t\t\t\t<div class=\"elementor-container elementor-column-gap-default\">\n\t\t\t\t\t<div class=\"elementor-column elementor-col-100 elementor-top-column elementor-element elementor-element-85840fc\" data-id=\"85840fc\" data-element_type=\"column\" data-e-type=\"column\">\n\t\t\t<div class=\"elementor-widget-wrap elementor-element-populated\">\n\t\t\t\t\t\t<div class=\"elementor-element elementor-element-c7925c9 elementor-widget elementor-widget-text-editor\" data-id=\"c7925c9\" data-element_type=\"widget\" data-e-type=\"widget\" data-widget_type=\"text-editor.default\">\n\t\t\t\t<div class=\"elementor-widget-container\">\n\t\t\t\t\t\t\t\t\t<h2>Impressum<\/h2><h2 id=\"verantwortlicher\">Inhaltlich verantwortlich<\/h2><div><p>Kinderinsel Homburg e. V.<br \/>vertreten durch<\/p><div>den Vorstand<br \/>Frau Jenny Nguyen<br \/>Klinik f\u00fcr Allgemeine P\u00e4diatrie und Neonatologie<br \/>Geb\u00e4ude 9<\/div><div>Kirrbergerstr. 100<br \/>66421 Homburg<\/div><div class=\"formatted_table\"><div class=\"ersw100\">Telefon:<\/div><div id=\"verantwortlicher_telefon\">+49 6841 8189950<\/div><p>\u00a0<\/p><div class=\"ersw100\">E-Mail:<\/div><div id=\"verantwortlicher_email\">info@kinderinsel-homburg.de<\/div><\/div><\/div><p><i>Erstellt mit dem <a href=\"https:\/\/easyrechtssicher.de\/komplett-schutz\/\" target=\"_blank\" rel=\"noopener\">Impressum-Generator<\/a> von <a href=\"https:\/\/easyrechtssicher.de\/\" target=\"_blank\" rel=\"noopener\">https:\/\/easyrechtssicher.de<\/a><\/i><\/p>\t\t\t\t\t\t\t\t<\/div>\n\t\t\t\t<\/div>\n\t\t\t\t\t<\/div>\n\t\t<\/div>\n\t\t\t\t\t<\/div>\n\t\t<\/section>\n\t\t\t\t<\/div>","protected":false},"excerpt":{"rendered":"<p>Impressum Inhaltlich verantwortlich Kinderinsel Homburg e. V.vertreten durch den VorstandFrau Jenny NguyenKlinik f\u00fcr Allgemeine P\u00e4diatrie und NeonatologieGeb\u00e4ude 9Kirrbergerstr. 10066421 HomburgTelefon:+49 6841 8189950 \u00a0 E-Mail:info@kinderinsel-homburg.de Erstellt mit dem Impressum-Generator von https:\/\/easyrechtssicher.de<\/p>","protected":false},"author":1,"featured_media":0,"parent":0,"menu_order":0,"comment_status":"closed","ping_status":"closed","template":"","meta":{"footnotes":""},"class_list":["post-988230","page","type-page","status-publish","hentry"],"_links":{"self":[{"href":"https:\/\/kinderinsel-homburg.de\/de\/wp-json\/wp\/v2\/pages\/988230","targetHints":{"allow":["GET"]}}],"collection":[{"href":"https:\/\/kinderinsel-homburg.de\/de\/wp-json\/wp\/v2\/pages"}],"about":[{"href":"https:\/\/kinderinsel-homburg.de\/de\/wp-json\/wp\/v2\/types\/page"}],"author":[{"embeddable":true,"href":"https:\/\/kinderinsel-homburg.de\/de\/wp-json\/wp\/v2\/users\/1"}],"replies":[{"embeddable":true,"href":"https:\/\/kinderinsel-homburg.de\/de\/wp-json\/wp\/v2\/comments?post=988230"}],"version-history":[{"count":10,"href":"https:\/\/kinderinsel-homburg.de\/de\/wp-json\/wp\/v2\/pages\/988230\/revisions"}],"predecessor-version":[{"id":989063,"href":"https:\/\/kinderinsel-homburg.de\/de\/wp-json\/wp\/v2\/pages\/988230\/revisions\/989063"}],"wp:attachment":[{"href":"https:\/\/kinderinsel-homburg.de\/de\/wp-json\/wp\/v2\/media?parent=988230"}],"curies":[{"name":"wp","href":"https:\/\/api.w.org\/{rel}","templated":true}]}}