{"id":989431,"date":"2025-11-04T19:47:49","date_gmt":"2025-11-04T18:47:49","guid":{"rendered":"https:\/\/kinderinsel-homburg.de\/?page_id=989431"},"modified":"2025-11-04T19:49:02","modified_gmt":"2025-11-04T18:49:02","slug":"ticket-back-challenge-2025","status":"publish","type":"page","link":"https:\/\/kinderinsel-homburg.de\/de\/ticket-back-challenge-2025\/","title":{"rendered":"Ticket Back Challenge 2025"},"content":{"rendered":"<div data-elementor-type=\"wp-page\" data-elementor-id=\"989431\" class=\"elementor elementor-989431\" data-elementor-post-type=\"page\">\n\t\t\t\t\t\t<section class=\"elementor-section elementor-top-section elementor-element elementor-element-be16297 elementor-section-boxed elementor-section-height-default elementor-section-height-default\" data-id=\"be16297\" data-element_type=\"section\" data-e-type=\"section\">\n\t\t\t\t\t\t<div class=\"elementor-container elementor-column-gap-default\">\n\t\t\t\t\t<div class=\"elementor-column elementor-col-100 elementor-top-column elementor-element elementor-element-36b16ed\" data-id=\"36b16ed\" data-element_type=\"column\" data-e-type=\"column\">\n\t\t\t<div class=\"elementor-widget-wrap elementor-element-populated\">\n\t\t\t\t\t\t<div class=\"elementor-element elementor-element-cff0019 elementor-widget__width-initial elementor-invisible elementor-widget elementor-widget-heading\" data-id=\"cff0019\" data-element_type=\"widget\" data-e-type=\"widget\" data-settings=\"{&quot;_animation&quot;:&quot;fadeIn&quot;,&quot;_animation_delay&quot;:200}\" data-widget_type=\"heading.default\">\n\t\t\t\t<div class=\"elementor-widget-container\">\n\t\t\t\t\t<h2 class=\"elementor-heading-title elementor-size-default\">Der Countdown l\u00e4uft - 30.11.2025 ab 13:00 Uhr im Livestream<\/h2>\t\t\t\t<\/div>\n\t\t\t\t<\/div>\n\t\t\t\t<section class=\"elementor-section elementor-inner-section elementor-element elementor-element-22a9a21 elementor-section-boxed elementor-section-height-default elementor-section-height-default\" data-id=\"22a9a21\" data-element_type=\"section\" data-e-type=\"section\">\n\t\t\t\t\t\t<div class=\"elementor-container elementor-column-gap-default\">\n\t\t\t\t\t<div class=\"elementor-column elementor-col-100 elementor-inner-column elementor-element elementor-element-4aa80cb\" data-id=\"4aa80cb\" data-element_type=\"column\" data-e-type=\"column\">\n\t\t\t<div class=\"elementor-widget-wrap elementor-element-populated\">\n\t\t\t\t\t\t<div class=\"elementor-element elementor-element-f4d0e31 elementor-widget__width-initial elementor-widget elementor-widget-text-editor\" data-id=\"f4d0e31\" data-element_type=\"widget\" data-e-type=\"widget\" data-widget_type=\"text-editor.default\">\n\t\t\t\t<div class=\"elementor-widget-container\">\n\t\t\t\t\t\t\t\t\t<p class=\"p1\">Nach dem gro\u00dfen Erfolg und der positiven Resonanz im vergangenen Jahr haben wir unser Format in diesem Jahr weiterentwickelt \u2013 mit neuen Ideen, spannenden G\u00e4sten und besonderen Momenten f\u00fcr alle, die live vor Ort dabei sind.<br \/><br \/><span class=\"s1\">Freut euch auf die <\/span><b>\u201eBack-Challenge: Stars gegen kleine Weihnachtsb\u00e4cker 2025\u201c!<\/b><span class=\"s1\"><br \/><br \/><\/span>Mit dabei sind unter anderem unser Schirmherr <span class=\"s2\"><b>Robert Lohr<\/b><\/span>, Influencer und S\u00e4nger <span class=\"s2\"><b>Philipp Leon<\/b><\/span>, unsere Saarlandbotschafterin und Moderatorin <span class=\"s2\"><b>Louisa Schlang<\/b><\/span>, <span class=\"s2\"><b>Prof. Dr. J\u00f6rg Loth<\/b><\/span> (IKK S\u00fcdwest Vorstand) sowie weitere \u00dcberraschungsg\u00e4ste. Auch in diesem Jahr treten sie gemeinsam gegen kleine Weihnachtsb\u00e4cker:innen an.<br \/><br \/><span class=\"s2\"><b>Ziel des Wettbewerbs:<\/b><\/span> K\u00f6stliche Pl\u00e4tzchen f\u00fcr die kleinen Patient:innen der Kinderklinik am UKS backen \u2013 und dabei Spenden f\u00fcr den guten Zweck sammeln.<br \/><br \/>Wir freuen uns schon jetzt auf alle G\u00e4ste und Zuschauer:innen vor Ort \u2013 und d\u00fcrfen schon verraten: <span class=\"s2\"><b>Einige \u00dcberraschungen warten auf euch!<\/b><\/span><\/p>\t\t\t\t\t\t\t\t<\/div>\n\t\t\t\t<\/div>\n\t\t\t\t\t<\/div>\n\t\t<\/div>\n\t\t\t\t\t<\/div>\n\t\t<\/section>\n\t\t\t\t\t<\/div>\n\t\t<\/div>\n\t\t\t\t\t<\/div>\n\t\t<\/section>\n\t\t\t\t<section class=\"elementor-section elementor-top-section elementor-element elementor-element-1e45f8e elementor-section-boxed elementor-section-height-default elementor-section-height-default\" data-id=\"1e45f8e\" data-element_type=\"section\" data-e-type=\"section\">\n\t\t\t\t\t\t<div class=\"elementor-container elementor-column-gap-default\">\n\t\t\t\t\t<div class=\"elementor-column elementor-col-100 elementor-top-column elementor-element elementor-element-5ba1463\" data-id=\"5ba1463\" data-element_type=\"column\" data-e-type=\"column\">\n\t\t\t<div class=\"elementor-widget-wrap elementor-element-populated\">\n\t\t\t\t\t\t<div class=\"elementor-element elementor-element-9dc8f24 elementor-widget elementor-widget-html\" data-id=\"9dc8f24\" data-element_type=\"widget\" data-e-type=\"widget\" data-widget_type=\"html.default\">\n\t\t\t\t<div class=\"elementor-widget-container\">\n\t\t\t\t\t<ul class=\"woocommerce-error wcdp-error-message\" id=\"wcdp-ajax-error\" role=\"alert\"><li>In the current view, the donation form is not available.<\/li><\/ul>\t\t\t\t<\/div>\n\t\t\t\t<\/div>\n\t\t\t\t\t<\/div>\n\t\t<\/div>\n\t\t\t\t\t<\/div>\n\t\t<\/section>\n\t\t\t\t<\/div>","protected":false},"excerpt":{"rendered":"<p>Der Countdown l\u00e4uft &#8211; 30.11.2025 ab 13:00 Uhr im Livestream Nach dem gro\u00dfen Erfolg und der positiven Resonanz im vergangenen Jahr haben wir unser Format in diesem Jahr weiterentwickelt \u2013 mit neuen Ideen, spannenden G\u00e4sten und besonderen Momenten f\u00fcr alle, die live vor Ort dabei sind. Freut euch auf die \u201eBack-Challenge: Stars gegen kleine Weihnachtsb\u00e4cker&#8230;<\/p>","protected":false},"author":1,"featured_media":0,"parent":0,"menu_order":0,"comment_status":"closed","ping_status":"closed","template":"","meta":{"footnotes":""},"class_list":["post-989431","page","type-page","status-publish","hentry"],"_links":{"self":[{"href":"https:\/\/kinderinsel-homburg.de\/de\/wp-json\/wp\/v2\/pages\/989431","targetHints":{"allow":["GET"]}}],"collection":[{"href":"https:\/\/kinderinsel-homburg.de\/de\/wp-json\/wp\/v2\/pages"}],"about":[{"href":"https:\/\/kinderinsel-homburg.de\/de\/wp-json\/wp\/v2\/types\/page"}],"author":[{"embeddable":true,"href":"https:\/\/kinderinsel-homburg.de\/de\/wp-json\/wp\/v2\/users\/1"}],"replies":[{"embeddable":true,"href":"https:\/\/kinderinsel-homburg.de\/de\/wp-json\/wp\/v2\/comments?post=989431"}],"version-history":[{"count":7,"href":"https:\/\/kinderinsel-homburg.de\/de\/wp-json\/wp\/v2\/pages\/989431\/revisions"}],"predecessor-version":[{"id":989438,"href":"https:\/\/kinderinsel-homburg.de\/de\/wp-json\/wp\/v2\/pages\/989431\/revisions\/989438"}],"wp:attachment":[{"href":"https:\/\/kinderinsel-homburg.de\/de\/wp-json\/wp\/v2\/media?parent=989431"}],"curies":[{"name":"wp","href":"https:\/\/api.w.org\/{rel}","templated":true}]}}