{"id":989422,"date":"2025-11-04T19:44:15","date_gmt":"2025-11-04T18:44:15","guid":{"rendered":"https:\/\/kinderinsel-homburg.de\/?post_type=product&#038;p=989422"},"modified":"2026-03-11T18:26:13","modified_gmt":"2026-03-11T17:26:13","slug":"vor-ort-ticket-back-challenge-2025","status":"publish","type":"product","link":"https:\/\/kinderinsel-homburg.de\/de\/produkt\/vor-ort-ticket-back-challenge-2025\/","title":{"rendered":"Back Challenge 2025"},"content":{"rendered":"<div class=\"vgblk-rw-wrapper limit-wrapper\">\n<p class=\"p1\">Nach dem gro\u00dfen Erfolg und der positiven Resonanz im vergangenen Jahr haben wir unser Format in diesem Jahr weiterentwickelt \u2013 mit neuen Ideen, spannenden G\u00e4sten und besonderen Momenten f\u00fcr alle, die live vor Ort dabei sind.<\/p>\n<p><span class=\"s1\">Freut euch auf die <\/span><b>\u201eBack-Challenge: Stars gegen kleine Weihnachtsb\u00e4cker 2025\u201c!<\/b><\/p>\n<p>Mit dabei sind unter anderem unser Schirmherr <span class=\"s2\"><b>Robert Lohr<\/b><\/span>, Influencer und S\u00e4nger <span class=\"s2\"><b>Philipp Leon<\/b><\/span>, unsere Saarlandbotschafterin und Moderatorin <span class=\"s2\"><b>Louisa Schlang<\/b><\/span>, <span class=\"s2\"><b>Prof. Dr. J\u00f6rg Loth<\/b><\/span> (IKK S\u00fcdwest Vorstand) sowie weitere \u00dcberraschungsg\u00e4ste. Auch in diesem Jahr treten sie gemeinsam gegen kleine Weihnachtsb\u00e4cker:innen an.<\/p>\n<p><span class=\"s2\"><b>Ziel des Wettbewerbs:<\/b><\/span> K\u00f6stliche Pl\u00e4tzchen f\u00fcr die kleinen Patient:innen der Kinderklinik am UKS backen \u2013 und dabei Spenden f\u00fcr den guten Zweck sammeln.<\/p>\n<p>Wir freuen uns schon jetzt auf alle G\u00e4ste und Zuschauer:innen vor Ort \u2013 und d\u00fcrfen schon verraten:<\/p>\n<ul>\n<li>Live Unplugged Konzert von Philipp Leon<\/li>\n<li>Familien-Foto-Session mit <span style=\"letter-spacing: var(--vamtam-primary-font-letter-spacing-desktop,normal); text-transform: var(--vamtam-primary-font-transform,none); text-decoration: var(--vamtam-primary-font-decoration,none);\">Juli Susann Photographie<\/span><\/li>\n<li>Eine Spiele-Ecke<\/li>\n<li>Leinwand und Fernseher mit dem Live-Sendebild<\/li>\n<li>und weitere \u00dcberraschungen<\/li>\n<\/ul>\n<\/div>\n<p><!-- .vgblk-rw-wrapper --><\/p>","protected":false},"excerpt":{"rendered":"<ul>\n<li>Tickets k\u00f6nnen nur gegen eine Spende erworben werden<\/li>\n<li>Mehrere Tickets m\u00fcssen nacheinander in den Warenkorb gelegt werden<\/li>\n<li>Der Mindestbetrag je Spende betr\u00e4gt 10,00\u20ac und darf gerne beliebig erh\u00f6ht werden<\/li>\n<li>Die Spendenquittung erhalten Sie nach Abschluss der Spende\/Ticketbuchung<\/li>\n<li>Einlass und Warm-Up Moderation bereits ab 12:00 Uhr<\/li>\n<\/ul>","protected":false},"featured_media":989440,"template":"","meta":[],"product_brand":[],"product_cat":[80],"product_tag":[],"class_list":{"0":"post-989422","1":"product","2":"type-product","3":"status-publish","4":"has-post-thumbnail","6":"product_cat-back-challenge-2025","8":"first","9":"instock","10":"downloadable","11":"virtual","12":"purchasable","13":"product-type-simple"},"_links":{"self":[{"href":"https:\/\/kinderinsel-homburg.de\/de\/wp-json\/wp\/v2\/product\/989422","targetHints":{"allow":["GET"]}}],"collection":[{"href":"https:\/\/kinderinsel-homburg.de\/de\/wp-json\/wp\/v2\/product"}],"about":[{"href":"https:\/\/kinderinsel-homburg.de\/de\/wp-json\/wp\/v2\/types\/product"}],"wp:featuredmedia":[{"embeddable":true,"href":"https:\/\/kinderinsel-homburg.de\/de\/wp-json\/wp\/v2\/media\/989440"}],"wp:attachment":[{"href":"https:\/\/kinderinsel-homburg.de\/de\/wp-json\/wp\/v2\/media?parent=989422"}],"wp:term":[{"taxonomy":"product_brand","embeddable":true,"href":"https:\/\/kinderinsel-homburg.de\/de\/wp-json\/wp\/v2\/product_brand?post=989422"},{"taxonomy":"product_cat","embeddable":true,"href":"https:\/\/kinderinsel-homburg.de\/de\/wp-json\/wp\/v2\/product_cat?post=989422"},{"taxonomy":"product_tag","embeddable":true,"href":"https:\/\/kinderinsel-homburg.de\/de\/wp-json\/wp\/v2\/product_tag?post=989422"}],"curies":[{"name":"wp","href":"https:\/\/api.w.org\/{rel}","templated":true}]}}